{"id":962,"date":"2025-08-27T15:44:24","date_gmt":"2025-08-27T20:44:24","guid":{"rendered":"https:\/\/abrilropa.com\/?post_type=product&#038;p=962"},"modified":"2025-08-27T16:27:06","modified_gmt":"2025-08-27T21:27:06","slug":"vestido-mafer-2","status":"publish","type":"product","link":"https:\/\/abrilropa.com\/?product=vestido-mafer-2","title":{"rendered":"Vestido Mafer"},"content":{"rendered":"","protected":false},"excerpt":{"rendered":"<p><b>Vestido Largo de Sat\u00edn con Mangas en Mallatex.<\/b> Este vestido largo presenta una combinaci\u00f3n de dos telas: sat\u00edn en el cuerpo y mallatex en las mangas, creando una hermosa armon\u00eda. La tela sat\u00edn le da un acabado brillante y elegante<\/p>\n","protected":false},"featured_media":888,"comment_status":"open","ping_status":"closed","template":"","meta":[],"product_brand":[],"product_cat":[28,30],"product_tag":[],"class_list":{"0":"post-962","1":"product","2":"type-product","3":"status-publish","4":"has-post-thumbnail","6":"product_cat-vestido","7":"product_cat-vestido-largo","8":"pa_talla-6-xs","9":"pa_talla-l-12","10":"pa_talla-m-10","11":"pa_talla-s-8","13":"first","14":"instock","15":"sale","16":"purchasable","17":"product-type-variable"},"_links":{"self":[{"href":"https:\/\/abrilropa.com\/index.php?rest_route=\/wp\/v2\/product\/962","targetHints":{"allow":["GET"]}}],"collection":[{"href":"https:\/\/abrilropa.com\/index.php?rest_route=\/wp\/v2\/product"}],"about":[{"href":"https:\/\/abrilropa.com\/index.php?rest_route=\/wp\/v2\/types\/product"}],"replies":[{"embeddable":true,"href":"https:\/\/abrilropa.com\/index.php?rest_route=%2Fwp%2Fv2%2Fcomments&post=962"}],"wp:featuredmedia":[{"embeddable":true,"href":"https:\/\/abrilropa.com\/index.php?rest_route=\/wp\/v2\/media\/888"}],"wp:attachment":[{"href":"https:\/\/abrilropa.com\/index.php?rest_route=%2Fwp%2Fv2%2Fmedia&parent=962"}],"wp:term":[{"taxonomy":"product_brand","embeddable":true,"href":"https:\/\/abrilropa.com\/index.php?rest_route=%2Fwp%2Fv2%2Fproduct_brand&post=962"},{"taxonomy":"product_cat","embeddable":true,"href":"https:\/\/abrilropa.com\/index.php?rest_route=%2Fwp%2Fv2%2Fproduct_cat&post=962"},{"taxonomy":"product_tag","embeddable":true,"href":"https:\/\/abrilropa.com\/index.php?rest_route=%2Fwp%2Fv2%2Fproduct_tag&post=962"}],"curies":[{"name":"wp","href":"https:\/\/api.w.org\/{rel}","templated":true}]}}