{"id":722,"date":"2025-08-15T13:11:42","date_gmt":"2025-08-15T18:11:42","guid":{"rendered":"https:\/\/abrilropa.com\/?post_type=product&#038;p=722"},"modified":"2025-10-04T14:58:39","modified_gmt":"2025-10-04T19:58:39","slug":"pantalon-bruna","status":"publish","type":"product","link":"https:\/\/abrilropa.com\/?product=pantalon-bruna","title":{"rendered":"Pantal\u00f3n Bruna"},"content":{"rendered":"","protected":false},"excerpt":{"rendered":"<p><b>Pantal\u00f3n de Tiro Alto y Bota Recta.<\/b> Este pantal\u00f3n est\u00e1 fabricado en tela <b>&#8216;Noche de Viena&#8217;<\/b>, un tejido que se caracteriza por su excelente ca\u00edda y tacto suave. Su dise\u00f1o lo hace ideal para un look cl\u00e1sico y elegante<\/p>\n","protected":false},"featured_media":860,"comment_status":"open","ping_status":"closed","template":"","meta":[],"product_brand":[],"product_cat":[31],"product_tag":[],"class_list":{"0":"post-722","1":"product","2":"type-product","3":"status-publish","4":"has-post-thumbnail","6":"product_cat-pantalones","8":"first","9":"instock","10":"sale","11":"purchasable","12":"product-type-variable","13":"has-default-attributes"},"_links":{"self":[{"href":"https:\/\/abrilropa.com\/index.php?rest_route=\/wp\/v2\/product\/722","targetHints":{"allow":["GET"]}}],"collection":[{"href":"https:\/\/abrilropa.com\/index.php?rest_route=\/wp\/v2\/product"}],"about":[{"href":"https:\/\/abrilropa.com\/index.php?rest_route=\/wp\/v2\/types\/product"}],"replies":[{"embeddable":true,"href":"https:\/\/abrilropa.com\/index.php?rest_route=%2Fwp%2Fv2%2Fcomments&post=722"}],"wp:featuredmedia":[{"embeddable":true,"href":"https:\/\/abrilropa.com\/index.php?rest_route=\/wp\/v2\/media\/860"}],"wp:attachment":[{"href":"https:\/\/abrilropa.com\/index.php?rest_route=%2Fwp%2Fv2%2Fmedia&parent=722"}],"wp:term":[{"taxonomy":"product_brand","embeddable":true,"href":"https:\/\/abrilropa.com\/index.php?rest_route=%2Fwp%2Fv2%2Fproduct_brand&post=722"},{"taxonomy":"product_cat","embeddable":true,"href":"https:\/\/abrilropa.com\/index.php?rest_route=%2Fwp%2Fv2%2Fproduct_cat&post=722"},{"taxonomy":"product_tag","embeddable":true,"href":"https:\/\/abrilropa.com\/index.php?rest_route=%2Fwp%2Fv2%2Fproduct_tag&post=722"}],"curies":[{"name":"wp","href":"https:\/\/api.w.org\/{rel}","templated":true}]}}