{"id":664,"date":"2025-08-12T17:57:33","date_gmt":"2025-08-12T22:57:33","guid":{"rendered":"https:\/\/abrilropa.com\/?post_type=product&#038;p=664"},"modified":"2025-08-22T16:07:55","modified_gmt":"2025-08-22T21:07:55","slug":"vestido-corto-lucy","status":"publish","type":"product","link":"https:\/\/abrilropa.com\/?product=vestido-corto-lucy","title":{"rendered":"Vestido corto Lucy"},"content":{"rendered":"","protected":false},"excerpt":{"rendered":"<p><b>Vestido Princesa con Ca\u00edda Espectacular.<\/b> Este vestido corto est\u00e1 dise\u00f1ado para capturar todas las miradas. Fabricado en una mezcla de <b>poli\u00e9ster y spandex<\/b>, ofrece una ca\u00edda fluida y una elasticidad ideal para un ajuste perfecto y c\u00f3modo.<\/p>\n","protected":false},"featured_media":670,"comment_status":"open","ping_status":"closed","template":"","meta":[],"product_brand":[],"product_cat":[28,29],"product_tag":[],"class_list":{"0":"post-664","1":"product","2":"type-product","3":"status-publish","4":"has-post-thumbnail","6":"product_cat-vestido","7":"product_cat-vestido-corto","9":"first","10":"instock","11":"sale","12":"taxable","13":"shipping-taxable","14":"purchasable","15":"product-type-variable","16":"has-default-attributes"},"_links":{"self":[{"href":"https:\/\/abrilropa.com\/index.php?rest_route=\/wp\/v2\/product\/664","targetHints":{"allow":["GET"]}}],"collection":[{"href":"https:\/\/abrilropa.com\/index.php?rest_route=\/wp\/v2\/product"}],"about":[{"href":"https:\/\/abrilropa.com\/index.php?rest_route=\/wp\/v2\/types\/product"}],"replies":[{"embeddable":true,"href":"https:\/\/abrilropa.com\/index.php?rest_route=%2Fwp%2Fv2%2Fcomments&post=664"}],"wp:featuredmedia":[{"embeddable":true,"href":"https:\/\/abrilropa.com\/index.php?rest_route=\/wp\/v2\/media\/670"}],"wp:attachment":[{"href":"https:\/\/abrilropa.com\/index.php?rest_route=%2Fwp%2Fv2%2Fmedia&parent=664"}],"wp:term":[{"taxonomy":"product_brand","embeddable":true,"href":"https:\/\/abrilropa.com\/index.php?rest_route=%2Fwp%2Fv2%2Fproduct_brand&post=664"},{"taxonomy":"product_cat","embeddable":true,"href":"https:\/\/abrilropa.com\/index.php?rest_route=%2Fwp%2Fv2%2Fproduct_cat&post=664"},{"taxonomy":"product_tag","embeddable":true,"href":"https:\/\/abrilropa.com\/index.php?rest_route=%2Fwp%2Fv2%2Fproduct_tag&post=664"}],"curies":[{"name":"wp","href":"https:\/\/api.w.org\/{rel}","templated":true}]}}