{"id":2099,"date":"2025-10-14T14:08:37","date_gmt":"2025-10-14T19:08:37","guid":{"rendered":"https:\/\/abrilropa.com\/?post_type=product&#038;p=2099"},"modified":"2025-10-14T14:11:02","modified_gmt":"2025-10-14T19:11:02","slug":"short-norma-2","status":"publish","type":"product","link":"https:\/\/abrilropa.com\/?product=short-norma-2","title":{"rendered":"Short Norma"},"content":{"rendered":"","protected":false},"excerpt":{"rendered":"<p>Short de L\u00edneas. Estampado que estiliza y cierre al frente funcional. Un dise\u00f1o moderno y c\u00f3modo para tus looks diarios.<\/p>\n","protected":false},"featured_media":1033,"comment_status":"open","ping_status":"closed","template":"","meta":[],"product_brand":[],"product_cat":[53],"product_tag":[],"class_list":{"0":"post-2099","1":"product","2":"type-product","3":"status-publish","4":"has-post-thumbnail","6":"product_cat-falda-short","7":"pa_talla-l-12","8":"pa_talla-m-10","9":"pa_talla-s-8","11":"first","12":"instock","13":"sale","14":"purchasable","15":"product-type-variable"},"_links":{"self":[{"href":"https:\/\/abrilropa.com\/index.php?rest_route=\/wp\/v2\/product\/2099","targetHints":{"allow":["GET"]}}],"collection":[{"href":"https:\/\/abrilropa.com\/index.php?rest_route=\/wp\/v2\/product"}],"about":[{"href":"https:\/\/abrilropa.com\/index.php?rest_route=\/wp\/v2\/types\/product"}],"replies":[{"embeddable":true,"href":"https:\/\/abrilropa.com\/index.php?rest_route=%2Fwp%2Fv2%2Fcomments&post=2099"}],"wp:featuredmedia":[{"embeddable":true,"href":"https:\/\/abrilropa.com\/index.php?rest_route=\/wp\/v2\/media\/1033"}],"wp:attachment":[{"href":"https:\/\/abrilropa.com\/index.php?rest_route=%2Fwp%2Fv2%2Fmedia&parent=2099"}],"wp:term":[{"taxonomy":"product_brand","embeddable":true,"href":"https:\/\/abrilropa.com\/index.php?rest_route=%2Fwp%2Fv2%2Fproduct_brand&post=2099"},{"taxonomy":"product_cat","embeddable":true,"href":"https:\/\/abrilropa.com\/index.php?rest_route=%2Fwp%2Fv2%2Fproduct_cat&post=2099"},{"taxonomy":"product_tag","embeddable":true,"href":"https:\/\/abrilropa.com\/index.php?rest_route=%2Fwp%2Fv2%2Fproduct_tag&post=2099"}],"curies":[{"name":"wp","href":"https:\/\/api.w.org\/{rel}","templated":true}]}}