{"id":2006,"date":"2025-10-08T14:20:04","date_gmt":"2025-10-08T19:20:04","guid":{"rendered":"https:\/\/abrilropa.com\/?post_type=product&#038;p=2006"},"modified":"2025-10-08T14:21:25","modified_gmt":"2025-10-08T19:21:25","slug":"set-lucia-3","status":"publish","type":"product","link":"https:\/\/abrilropa.com\/?product=set-lucia-3","title":{"rendered":"Set Lucia"},"content":{"rendered":"","protected":false},"excerpt":{"rendered":"<p>Set en seda Studio F de dos piezas: Camisera y short a juego en estampado. La opci\u00f3n m\u00e1s elegante y c\u00f3moda para un total look veraniego y sofisticado.<\/p>\n","protected":false},"featured_media":1026,"comment_status":"open","ping_status":"closed","template":"","meta":[],"product_brand":[],"product_cat":[41,42],"product_tag":[],"class_list":{"0":"post-2006","1":"product","2":"type-product","3":"status-publish","4":"has-post-thumbnail","6":"product_cat-set","7":"product_cat-set-corto","8":"pa_talla-l-12","9":"pa_talla-m-10","10":"pa_talla-s-8","12":"first","13":"instock","14":"product-type-grouped"},"_links":{"self":[{"href":"https:\/\/abrilropa.com\/index.php?rest_route=\/wp\/v2\/product\/2006","targetHints":{"allow":["GET"]}}],"collection":[{"href":"https:\/\/abrilropa.com\/index.php?rest_route=\/wp\/v2\/product"}],"about":[{"href":"https:\/\/abrilropa.com\/index.php?rest_route=\/wp\/v2\/types\/product"}],"replies":[{"embeddable":true,"href":"https:\/\/abrilropa.com\/index.php?rest_route=%2Fwp%2Fv2%2Fcomments&post=2006"}],"wp:featuredmedia":[{"embeddable":true,"href":"https:\/\/abrilropa.com\/index.php?rest_route=\/wp\/v2\/media\/1026"}],"wp:attachment":[{"href":"https:\/\/abrilropa.com\/index.php?rest_route=%2Fwp%2Fv2%2Fmedia&parent=2006"}],"wp:term":[{"taxonomy":"product_brand","embeddable":true,"href":"https:\/\/abrilropa.com\/index.php?rest_route=%2Fwp%2Fv2%2Fproduct_brand&post=2006"},{"taxonomy":"product_cat","embeddable":true,"href":"https:\/\/abrilropa.com\/index.php?rest_route=%2Fwp%2Fv2%2Fproduct_cat&post=2006"},{"taxonomy":"product_tag","embeddable":true,"href":"https:\/\/abrilropa.com\/index.php?rest_route=%2Fwp%2Fv2%2Fproduct_tag&post=2006"}],"curies":[{"name":"wp","href":"https:\/\/api.w.org\/{rel}","templated":true}]}}