{"id":1936,"date":"2025-10-04T13:16:17","date_gmt":"2025-10-04T18:16:17","guid":{"rendered":"https:\/\/abrilropa.com\/?post_type=product&#038;p=1936"},"modified":"2025-10-04T13:19:38","modified_gmt":"2025-10-04T18:19:38","slug":"enterizo-andrea-3","status":"publish","type":"product","link":"https:\/\/abrilropa.com\/?product=enterizo-andrea-3","title":{"rendered":"Enterizo Andrea"},"content":{"rendered":"","protected":false},"excerpt":{"rendered":"<p>Estilo y fluidez en Ray\u00f3n. Este enterizo con manga de ca\u00edda suave y escote en V es puro confort. El cintur\u00f3n de yute acent\u00faa tu figura. La ca\u00edda espectacular de la tela de ray\u00f3n te har\u00e1 lucir sofisticada sin esfuerzo.<\/p>\n","protected":false},"featured_media":1935,"comment_status":"open","ping_status":"closed","template":"","meta":[],"product_brand":[],"product_cat":[36,37],"product_tag":[],"class_list":{"0":"post-1936","1":"product","2":"type-product","3":"status-publish","4":"has-post-thumbnail","6":"product_cat-enterizo","7":"product_cat-enterizo-pantalon","8":"pa_talla-l-12","9":"pa_talla-m-10","10":"pa_talla-s-8","11":"pa_talla-xl-14","13":"first","14":"instock","15":"sale","16":"purchasable","17":"product-type-variable"},"_links":{"self":[{"href":"https:\/\/abrilropa.com\/index.php?rest_route=\/wp\/v2\/product\/1936","targetHints":{"allow":["GET"]}}],"collection":[{"href":"https:\/\/abrilropa.com\/index.php?rest_route=\/wp\/v2\/product"}],"about":[{"href":"https:\/\/abrilropa.com\/index.php?rest_route=\/wp\/v2\/types\/product"}],"replies":[{"embeddable":true,"href":"https:\/\/abrilropa.com\/index.php?rest_route=%2Fwp%2Fv2%2Fcomments&post=1936"}],"wp:featuredmedia":[{"embeddable":true,"href":"https:\/\/abrilropa.com\/index.php?rest_route=\/wp\/v2\/media\/1935"}],"wp:attachment":[{"href":"https:\/\/abrilropa.com\/index.php?rest_route=%2Fwp%2Fv2%2Fmedia&parent=1936"}],"wp:term":[{"taxonomy":"product_brand","embeddable":true,"href":"https:\/\/abrilropa.com\/index.php?rest_route=%2Fwp%2Fv2%2Fproduct_brand&post=1936"},{"taxonomy":"product_cat","embeddable":true,"href":"https:\/\/abrilropa.com\/index.php?rest_route=%2Fwp%2Fv2%2Fproduct_cat&post=1936"},{"taxonomy":"product_tag","embeddable":true,"href":"https:\/\/abrilropa.com\/index.php?rest_route=%2Fwp%2Fv2%2Fproduct_tag&post=1936"}],"curies":[{"name":"wp","href":"https:\/\/api.w.org\/{rel}","templated":true}]}}