{"id":1913,"date":"2025-10-02T12:34:04","date_gmt":"2025-10-02T17:34:04","guid":{"rendered":"https:\/\/abrilropa.com\/?post_type=product&#038;p=1913"},"modified":"2025-10-27T17:00:20","modified_gmt":"2025-10-27T22:00:20","slug":"enterizo-sol-3","status":"publish","type":"product","link":"https:\/\/abrilropa.com\/?product=enterizo-sol-3","title":{"rendered":"Enterizo Sol"},"content":{"rendered":"","protected":false},"excerpt":{"rendered":"<p>Estilo y comodidad en Ray\u00f3n<b>.<\/b> Este enterizo de manga sisa destaca por su tejido fresco y fluido. El cintur\u00f3n acent\u00faa la figura, y el detalle del cierre al frente le da un aire contempor\u00e1neo.<\/p>\n","protected":false},"featured_media":1890,"comment_status":"open","ping_status":"closed","template":"","meta":[],"product_brand":[],"product_cat":[36,37],"product_tag":[],"class_list":{"0":"post-1913","1":"product","2":"type-product","3":"status-publish","4":"has-post-thumbnail","6":"product_cat-enterizo","7":"product_cat-enterizo-pantalon","8":"pa_talla-u","10":"first","11":"instock","12":"sale","13":"taxable","14":"shipping-taxable","15":"purchasable","16":"product-type-variable"},"_links":{"self":[{"href":"https:\/\/abrilropa.com\/index.php?rest_route=\/wp\/v2\/product\/1913","targetHints":{"allow":["GET"]}}],"collection":[{"href":"https:\/\/abrilropa.com\/index.php?rest_route=\/wp\/v2\/product"}],"about":[{"href":"https:\/\/abrilropa.com\/index.php?rest_route=\/wp\/v2\/types\/product"}],"replies":[{"embeddable":true,"href":"https:\/\/abrilropa.com\/index.php?rest_route=%2Fwp%2Fv2%2Fcomments&post=1913"}],"wp:featuredmedia":[{"embeddable":true,"href":"https:\/\/abrilropa.com\/index.php?rest_route=\/wp\/v2\/media\/1890"}],"wp:attachment":[{"href":"https:\/\/abrilropa.com\/index.php?rest_route=%2Fwp%2Fv2%2Fmedia&parent=1913"}],"wp:term":[{"taxonomy":"product_brand","embeddable":true,"href":"https:\/\/abrilropa.com\/index.php?rest_route=%2Fwp%2Fv2%2Fproduct_brand&post=1913"},{"taxonomy":"product_cat","embeddable":true,"href":"https:\/\/abrilropa.com\/index.php?rest_route=%2Fwp%2Fv2%2Fproduct_cat&post=1913"},{"taxonomy":"product_tag","embeddable":true,"href":"https:\/\/abrilropa.com\/index.php?rest_route=%2Fwp%2Fv2%2Fproduct_tag&post=1913"}],"curies":[{"name":"wp","href":"https:\/\/api.w.org\/{rel}","templated":true}]}}