{"id":1810,"date":"2025-09-30T16:43:27","date_gmt":"2025-09-30T21:43:27","guid":{"rendered":"https:\/\/abrilropa.com\/?post_type=product&#038;p=1810"},"modified":"2025-09-30T17:14:52","modified_gmt":"2025-09-30T22:14:52","slug":"enterizo-rosalia","status":"publish","type":"product","link":"https:\/\/abrilropa.com\/?product=enterizo-rosalia","title":{"rendered":"Enterizo Rosalia"},"content":{"rendered":"","protected":false},"excerpt":{"rendered":"<p>Enterizo en tela Noche de Viena&#8217;. Pantal\u00f3n y manga sisa. Con cintur\u00f3n de tela para un ajuste elegante y ca\u00edda perfecta. Un b\u00e1sico sofisticado.&#8221;<\/p>\n<p>&nbsp;<\/p>\n","protected":false},"featured_media":1147,"comment_status":"open","ping_status":"closed","template":"","meta":[],"product_brand":[],"product_cat":[36,37],"product_tag":[],"class_list":{"0":"post-1810","1":"product","2":"type-product","3":"status-publish","4":"has-post-thumbnail","6":"product_cat-enterizo","7":"product_cat-enterizo-pantalon","8":"pa_talla-m-10","10":"first","11":"instock","12":"sale","13":"taxable","14":"shipping-taxable","15":"purchasable","16":"product-type-variable"},"_links":{"self":[{"href":"https:\/\/abrilropa.com\/index.php?rest_route=\/wp\/v2\/product\/1810","targetHints":{"allow":["GET"]}}],"collection":[{"href":"https:\/\/abrilropa.com\/index.php?rest_route=\/wp\/v2\/product"}],"about":[{"href":"https:\/\/abrilropa.com\/index.php?rest_route=\/wp\/v2\/types\/product"}],"replies":[{"embeddable":true,"href":"https:\/\/abrilropa.com\/index.php?rest_route=%2Fwp%2Fv2%2Fcomments&post=1810"}],"wp:featuredmedia":[{"embeddable":true,"href":"https:\/\/abrilropa.com\/index.php?rest_route=\/wp\/v2\/media\/1147"}],"wp:attachment":[{"href":"https:\/\/abrilropa.com\/index.php?rest_route=%2Fwp%2Fv2%2Fmedia&parent=1810"}],"wp:term":[{"taxonomy":"product_brand","embeddable":true,"href":"https:\/\/abrilropa.com\/index.php?rest_route=%2Fwp%2Fv2%2Fproduct_brand&post=1810"},{"taxonomy":"product_cat","embeddable":true,"href":"https:\/\/abrilropa.com\/index.php?rest_route=%2Fwp%2Fv2%2Fproduct_cat&post=1810"},{"taxonomy":"product_tag","embeddable":true,"href":"https:\/\/abrilropa.com\/index.php?rest_route=%2Fwp%2Fv2%2Fproduct_tag&post=1810"}],"curies":[{"name":"wp","href":"https:\/\/api.w.org\/{rel}","templated":true}]}}