{"id":1721,"date":"2025-09-22T17:59:22","date_gmt":"2025-09-22T22:59:22","guid":{"rendered":"https:\/\/abrilropa.com\/?post_type=product&#038;p=1721"},"modified":"2025-09-22T18:02:18","modified_gmt":"2025-09-22T23:02:18","slug":"vestido-felicia-copia","status":"publish","type":"product","link":"https:\/\/abrilropa.com\/?product=vestido-felicia-copia","title":{"rendered":"Vestido Felicia"},"content":{"rendered":"","protected":false},"excerpt":{"rendered":"<p>Vestido Camisero de Poli\u00e9ster<b>.<\/b> Un b\u00e1sico vers\u00e1til de manga larga. Ligero, c\u00f3modo y con un dise\u00f1o cl\u00e1sico que se adapta a cualquier figura.<\/p>\n","protected":false},"featured_media":1208,"comment_status":"open","ping_status":"closed","template":"","meta":[],"product_brand":[],"product_cat":[28,29],"product_tag":[],"class_list":{"0":"post-1721","1":"product","2":"type-product","3":"status-publish","4":"has-post-thumbnail","6":"product_cat-vestido","7":"product_cat-vestido-corto","8":"pa_talla-s-8","10":"first","11":"instock","12":"sale","13":"purchasable","14":"product-type-variable"},"_links":{"self":[{"href":"https:\/\/abrilropa.com\/index.php?rest_route=\/wp\/v2\/product\/1721","targetHints":{"allow":["GET"]}}],"collection":[{"href":"https:\/\/abrilropa.com\/index.php?rest_route=\/wp\/v2\/product"}],"about":[{"href":"https:\/\/abrilropa.com\/index.php?rest_route=\/wp\/v2\/types\/product"}],"replies":[{"embeddable":true,"href":"https:\/\/abrilropa.com\/index.php?rest_route=%2Fwp%2Fv2%2Fcomments&post=1721"}],"wp:featuredmedia":[{"embeddable":true,"href":"https:\/\/abrilropa.com\/index.php?rest_route=\/wp\/v2\/media\/1208"}],"wp:attachment":[{"href":"https:\/\/abrilropa.com\/index.php?rest_route=%2Fwp%2Fv2%2Fmedia&parent=1721"}],"wp:term":[{"taxonomy":"product_brand","embeddable":true,"href":"https:\/\/abrilropa.com\/index.php?rest_route=%2Fwp%2Fv2%2Fproduct_brand&post=1721"},{"taxonomy":"product_cat","embeddable":true,"href":"https:\/\/abrilropa.com\/index.php?rest_route=%2Fwp%2Fv2%2Fproduct_cat&post=1721"},{"taxonomy":"product_tag","embeddable":true,"href":"https:\/\/abrilropa.com\/index.php?rest_route=%2Fwp%2Fv2%2Fproduct_tag&post=1721"}],"curies":[{"name":"wp","href":"https:\/\/api.w.org\/{rel}","templated":true}]}}