{"id":1687,"date":"2025-09-20T17:02:11","date_gmt":"2025-09-20T22:02:11","guid":{"rendered":"https:\/\/abrilropa.com\/?post_type=product&#038;p=1687"},"modified":"2025-09-22T17:04:07","modified_gmt":"2025-09-22T22:04:07","slug":"vestido-luciana-2","status":"publish","type":"product","link":"https:\/\/abrilropa.com\/?product=vestido-luciana-2","title":{"rendered":"Vestido Luciana"},"content":{"rendered":"","protected":false},"excerpt":{"rendered":"<p>Vestido Blus\u00f3n: Comodidad y estilo. Con un dise\u00f1o holgado y fresco, este vestido se adapta a cualquier figura. Es una prenda vers\u00e1til, ideal para lucir un look relajado sin esfuerzo.<\/p>\n","protected":false},"featured_media":1199,"comment_status":"open","ping_status":"closed","template":"","meta":[],"product_brand":[],"product_cat":[28,29],"product_tag":[],"class_list":{"0":"post-1687","1":"product","2":"type-product","3":"status-publish","4":"has-post-thumbnail","6":"product_cat-vestido","7":"product_cat-vestido-corto","8":"pa_talla-m-10","9":"pa_talla-s-8","10":"pa_talla-xl-14","12":"first","13":"instock","14":"sale","15":"purchasable","16":"product-type-variable"},"_links":{"self":[{"href":"https:\/\/abrilropa.com\/index.php?rest_route=\/wp\/v2\/product\/1687","targetHints":{"allow":["GET"]}}],"collection":[{"href":"https:\/\/abrilropa.com\/index.php?rest_route=\/wp\/v2\/product"}],"about":[{"href":"https:\/\/abrilropa.com\/index.php?rest_route=\/wp\/v2\/types\/product"}],"replies":[{"embeddable":true,"href":"https:\/\/abrilropa.com\/index.php?rest_route=%2Fwp%2Fv2%2Fcomments&post=1687"}],"wp:featuredmedia":[{"embeddable":true,"href":"https:\/\/abrilropa.com\/index.php?rest_route=\/wp\/v2\/media\/1199"}],"wp:attachment":[{"href":"https:\/\/abrilropa.com\/index.php?rest_route=%2Fwp%2Fv2%2Fmedia&parent=1687"}],"wp:term":[{"taxonomy":"product_brand","embeddable":true,"href":"https:\/\/abrilropa.com\/index.php?rest_route=%2Fwp%2Fv2%2Fproduct_brand&post=1687"},{"taxonomy":"product_cat","embeddable":true,"href":"https:\/\/abrilropa.com\/index.php?rest_route=%2Fwp%2Fv2%2Fproduct_cat&post=1687"},{"taxonomy":"product_tag","embeddable":true,"href":"https:\/\/abrilropa.com\/index.php?rest_route=%2Fwp%2Fv2%2Fproduct_tag&post=1687"}],"curies":[{"name":"wp","href":"https:\/\/api.w.org\/{rel}","templated":true}]}}