{"id":1671,"date":"2025-09-19T17:52:12","date_gmt":"2025-09-19T22:52:12","guid":{"rendered":"https:\/\/abrilropa.com\/?post_type=product&#038;p=1671"},"modified":"2025-09-19T17:55:34","modified_gmt":"2025-09-19T22:55:34","slug":"vestido-amanda-4","status":"publish","type":"product","link":"https:\/\/abrilropa.com\/?product=vestido-amanda-4","title":{"rendered":"Vestido Amanda"},"content":{"rendered":"","protected":false},"excerpt":{"rendered":"<p>Fluido, ligero y con una ca\u00edda espectacular. Este vestido de manga corta en tela ray\u00f3n incluye un cintur\u00f3n para acentuar la cintura. Perfecto para un look fresco y moderno.<\/p>\n","protected":false},"featured_media":1658,"comment_status":"open","ping_status":"closed","template":"","meta":[],"product_brand":[],"product_cat":[28,30],"product_tag":[],"class_list":{"0":"post-1671","1":"product","2":"type-product","3":"status-publish","4":"has-post-thumbnail","6":"product_cat-vestido","7":"product_cat-vestido-largo","8":"pa_talla-l-12","9":"pa_talla-m-10","10":"pa_talla-s-8","11":"pa_talla-xl-14","13":"first","14":"instock","15":"sale","16":"purchasable","17":"product-type-variable"},"_links":{"self":[{"href":"https:\/\/abrilropa.com\/index.php?rest_route=\/wp\/v2\/product\/1671","targetHints":{"allow":["GET"]}}],"collection":[{"href":"https:\/\/abrilropa.com\/index.php?rest_route=\/wp\/v2\/product"}],"about":[{"href":"https:\/\/abrilropa.com\/index.php?rest_route=\/wp\/v2\/types\/product"}],"replies":[{"embeddable":true,"href":"https:\/\/abrilropa.com\/index.php?rest_route=%2Fwp%2Fv2%2Fcomments&post=1671"}],"wp:featuredmedia":[{"embeddable":true,"href":"https:\/\/abrilropa.com\/index.php?rest_route=\/wp\/v2\/media\/1658"}],"wp:attachment":[{"href":"https:\/\/abrilropa.com\/index.php?rest_route=%2Fwp%2Fv2%2Fmedia&parent=1671"}],"wp:term":[{"taxonomy":"product_brand","embeddable":true,"href":"https:\/\/abrilropa.com\/index.php?rest_route=%2Fwp%2Fv2%2Fproduct_brand&post=1671"},{"taxonomy":"product_cat","embeddable":true,"href":"https:\/\/abrilropa.com\/index.php?rest_route=%2Fwp%2Fv2%2Fproduct_cat&post=1671"},{"taxonomy":"product_tag","embeddable":true,"href":"https:\/\/abrilropa.com\/index.php?rest_route=%2Fwp%2Fv2%2Fproduct_tag&post=1671"}],"curies":[{"name":"wp","href":"https:\/\/api.w.org\/{rel}","templated":true}]}}