{"id":1574,"date":"2025-09-18T10:56:01","date_gmt":"2025-09-18T15:56:01","guid":{"rendered":"https:\/\/abrilropa.com\/?post_type=product&#038;p=1574"},"modified":"2025-10-27T18:03:12","modified_gmt":"2025-10-27T23:03:12","slug":"vestido-nara-3","status":"publish","type":"product","link":"https:\/\/abrilropa.com\/?product=vestido-nara-3","title":{"rendered":"Vestido Nara"},"content":{"rendered":"","protected":false},"excerpt":{"rendered":"<p>Este elegante vestido de corte medio beso resalta la silueta con su sensual abertura en la pierna. Confeccionado en satin licrado, ofrece un ajuste perfecto y c\u00f3modo que te har\u00e1 sentir espectacular en cualquier ocasi\u00f3n especial.<\/p>\n","protected":false},"featured_media":1287,"comment_status":"open","ping_status":"closed","template":"","meta":[],"product_brand":[],"product_cat":[28,30],"product_tag":[],"class_list":{"0":"post-1574","1":"product","2":"type-product","3":"status-publish","4":"has-post-thumbnail","6":"product_cat-vestido","7":"product_cat-vestido-largo","8":"pa_talla-l-12","9":"pa_talla-m-10","11":"first","12":"instock","13":"sale","14":"taxable","15":"shipping-taxable","16":"purchasable","17":"product-type-variable"},"_links":{"self":[{"href":"https:\/\/abrilropa.com\/index.php?rest_route=\/wp\/v2\/product\/1574","targetHints":{"allow":["GET"]}}],"collection":[{"href":"https:\/\/abrilropa.com\/index.php?rest_route=\/wp\/v2\/product"}],"about":[{"href":"https:\/\/abrilropa.com\/index.php?rest_route=\/wp\/v2\/types\/product"}],"replies":[{"embeddable":true,"href":"https:\/\/abrilropa.com\/index.php?rest_route=%2Fwp%2Fv2%2Fcomments&post=1574"}],"wp:featuredmedia":[{"embeddable":true,"href":"https:\/\/abrilropa.com\/index.php?rest_route=\/wp\/v2\/media\/1287"}],"wp:attachment":[{"href":"https:\/\/abrilropa.com\/index.php?rest_route=%2Fwp%2Fv2%2Fmedia&parent=1574"}],"wp:term":[{"taxonomy":"product_brand","embeddable":true,"href":"https:\/\/abrilropa.com\/index.php?rest_route=%2Fwp%2Fv2%2Fproduct_brand&post=1574"},{"taxonomy":"product_cat","embeddable":true,"href":"https:\/\/abrilropa.com\/index.php?rest_route=%2Fwp%2Fv2%2Fproduct_cat&post=1574"},{"taxonomy":"product_tag","embeddable":true,"href":"https:\/\/abrilropa.com\/index.php?rest_route=%2Fwp%2Fv2%2Fproduct_tag&post=1574"}],"curies":[{"name":"wp","href":"https:\/\/api.w.org\/{rel}","templated":true}]}}