{"id":1510,"date":"2025-09-17T17:48:20","date_gmt":"2025-09-17T22:48:20","guid":{"rendered":"https:\/\/abrilropa.com\/?post_type=product&#038;p=1510"},"modified":"2025-10-27T18:09:03","modified_gmt":"2025-10-27T23:09:03","slug":"vestido-norma-4","status":"publish","type":"product","link":"https:\/\/abrilropa.com\/?product=vestido-norma-4","title":{"rendered":"Vestido Manu"},"content":{"rendered":"","protected":false},"excerpt":{"rendered":"<p>Vestido largo en sat\u00edn licrado con cuello bandeja y drapeado en la cintura. La abertura en la pierna a\u00f1ade un toque moderno a su dise\u00f1o cl\u00e1sico y elegante.<\/p>\n","protected":false},"featured_media":1464,"comment_status":"open","ping_status":"closed","template":"","meta":[],"product_brand":[],"product_cat":[28,30],"product_tag":[],"class_list":{"0":"post-1510","1":"product","2":"type-product","3":"status-publish","4":"has-post-thumbnail","6":"product_cat-vestido","7":"product_cat-vestido-largo","8":"pa_talla-6-xs","9":"pa_talla-l-12","10":"pa_talla-m-10","11":"pa_talla-s-8","12":"pa_talla-xl-14","14":"first","15":"instock","16":"sale","17":"purchasable","18":"product-type-variable"},"_links":{"self":[{"href":"https:\/\/abrilropa.com\/index.php?rest_route=\/wp\/v2\/product\/1510","targetHints":{"allow":["GET"]}}],"collection":[{"href":"https:\/\/abrilropa.com\/index.php?rest_route=\/wp\/v2\/product"}],"about":[{"href":"https:\/\/abrilropa.com\/index.php?rest_route=\/wp\/v2\/types\/product"}],"replies":[{"embeddable":true,"href":"https:\/\/abrilropa.com\/index.php?rest_route=%2Fwp%2Fv2%2Fcomments&post=1510"}],"wp:featuredmedia":[{"embeddable":true,"href":"https:\/\/abrilropa.com\/index.php?rest_route=\/wp\/v2\/media\/1464"}],"wp:attachment":[{"href":"https:\/\/abrilropa.com\/index.php?rest_route=%2Fwp%2Fv2%2Fmedia&parent=1510"}],"wp:term":[{"taxonomy":"product_brand","embeddable":true,"href":"https:\/\/abrilropa.com\/index.php?rest_route=%2Fwp%2Fv2%2Fproduct_brand&post=1510"},{"taxonomy":"product_cat","embeddable":true,"href":"https:\/\/abrilropa.com\/index.php?rest_route=%2Fwp%2Fv2%2Fproduct_cat&post=1510"},{"taxonomy":"product_tag","embeddable":true,"href":"https:\/\/abrilropa.com\/index.php?rest_route=%2Fwp%2Fv2%2Fproduct_tag&post=1510"}],"curies":[{"name":"wp","href":"https:\/\/api.w.org\/{rel}","templated":true}]}}