{"id":1398,"date":"2025-09-04T18:59:02","date_gmt":"2025-09-04T23:59:02","guid":{"rendered":"https:\/\/abrilropa.com\/?post_type=product&#038;p=1398"},"modified":"2025-10-14T14:37:08","modified_gmt":"2025-10-14T19:37:08","slug":"set-jasmin","status":"publish","type":"product","link":"https:\/\/abrilropa.com\/?product=set-jasmin","title":{"rendered":"Set Jasmin"},"content":{"rendered":"","protected":false},"excerpt":{"rendered":"<p>Descubre la sofisticaci\u00f3n en nuestro set corto de blazer y falda-short, una combinaci\u00f3n chic y moderna en lujosa tela Noche de Viena con sutiles detalles de pedrer\u00eda, ideal para un look vers\u00e1til y elegante.<\/p>\n","protected":false},"featured_media":1028,"comment_status":"open","ping_status":"closed","template":"","meta":[],"product_brand":[],"product_cat":[41,42],"product_tag":[],"class_list":{"0":"post-1398","1":"product","2":"type-product","3":"status-publish","4":"has-post-thumbnail","6":"product_cat-set","7":"product_cat-set-corto","8":"pa_talla-l-12","9":"pa_talla-m-10","10":"pa_talla-s-8","12":"first","13":"instock","14":"product-type-grouped"},"_links":{"self":[{"href":"https:\/\/abrilropa.com\/index.php?rest_route=\/wp\/v2\/product\/1398","targetHints":{"allow":["GET"]}}],"collection":[{"href":"https:\/\/abrilropa.com\/index.php?rest_route=\/wp\/v2\/product"}],"about":[{"href":"https:\/\/abrilropa.com\/index.php?rest_route=\/wp\/v2\/types\/product"}],"replies":[{"embeddable":true,"href":"https:\/\/abrilropa.com\/index.php?rest_route=%2Fwp%2Fv2%2Fcomments&post=1398"}],"wp:featuredmedia":[{"embeddable":true,"href":"https:\/\/abrilropa.com\/index.php?rest_route=\/wp\/v2\/media\/1028"}],"wp:attachment":[{"href":"https:\/\/abrilropa.com\/index.php?rest_route=%2Fwp%2Fv2%2Fmedia&parent=1398"}],"wp:term":[{"taxonomy":"product_brand","embeddable":true,"href":"https:\/\/abrilropa.com\/index.php?rest_route=%2Fwp%2Fv2%2Fproduct_brand&post=1398"},{"taxonomy":"product_cat","embeddable":true,"href":"https:\/\/abrilropa.com\/index.php?rest_route=%2Fwp%2Fv2%2Fproduct_cat&post=1398"},{"taxonomy":"product_tag","embeddable":true,"href":"https:\/\/abrilropa.com\/index.php?rest_route=%2Fwp%2Fv2%2Fproduct_tag&post=1398"}],"curies":[{"name":"wp","href":"https:\/\/api.w.org\/{rel}","templated":true}]}}