{"id":1366,"date":"2025-08-31T11:44:46","date_gmt":"2025-08-31T16:44:46","guid":{"rendered":"https:\/\/abrilropa.com\/?post_type=product&#038;p=1366"},"modified":"2025-08-31T12:05:28","modified_gmt":"2025-08-31T17:05:28","slug":"enterizo-almendra-2","status":"publish","type":"product","link":"https:\/\/abrilropa.com\/?product=enterizo-almendra-2","title":{"rendered":"Enterizo Almendra"},"content":{"rendered":"","protected":false},"excerpt":{"rendered":"<p>Este enterizo falda short es la pieza perfecta para destacar. Confeccionado en ray\u00f3n Toledo, su tela suave y ligera te ofrece la m\u00e1xima comodidad. El estampado vibrante es ideal para cualquier ocasi\u00f3n.<\/p>\n","protected":false},"featured_media":1077,"comment_status":"open","ping_status":"closed","template":"","meta":[],"product_brand":[],"product_cat":[36,38],"product_tag":[],"class_list":{"0":"post-1366","1":"product","2":"type-product","3":"status-publish","4":"has-post-thumbnail","6":"product_cat-enterizo","7":"product_cat-enterizo-short","8":"pa_talla-6-xs","9":"pa_talla-l-12","10":"pa_talla-m-10","11":"pa_talla-s-8","13":"first","14":"instock","15":"sale","16":"purchasable","17":"product-type-variable"},"_links":{"self":[{"href":"https:\/\/abrilropa.com\/index.php?rest_route=\/wp\/v2\/product\/1366","targetHints":{"allow":["GET"]}}],"collection":[{"href":"https:\/\/abrilropa.com\/index.php?rest_route=\/wp\/v2\/product"}],"about":[{"href":"https:\/\/abrilropa.com\/index.php?rest_route=\/wp\/v2\/types\/product"}],"replies":[{"embeddable":true,"href":"https:\/\/abrilropa.com\/index.php?rest_route=%2Fwp%2Fv2%2Fcomments&post=1366"}],"wp:featuredmedia":[{"embeddable":true,"href":"https:\/\/abrilropa.com\/index.php?rest_route=\/wp\/v2\/media\/1077"}],"wp:attachment":[{"href":"https:\/\/abrilropa.com\/index.php?rest_route=%2Fwp%2Fv2%2Fmedia&parent=1366"}],"wp:term":[{"taxonomy":"product_brand","embeddable":true,"href":"https:\/\/abrilropa.com\/index.php?rest_route=%2Fwp%2Fv2%2Fproduct_brand&post=1366"},{"taxonomy":"product_cat","embeddable":true,"href":"https:\/\/abrilropa.com\/index.php?rest_route=%2Fwp%2Fv2%2Fproduct_cat&post=1366"},{"taxonomy":"product_tag","embeddable":true,"href":"https:\/\/abrilropa.com\/index.php?rest_route=%2Fwp%2Fv2%2Fproduct_tag&post=1366"}],"curies":[{"name":"wp","href":"https:\/\/api.w.org\/{rel}","templated":true}]}}